{"id":110,"date":"2020-05-17T19:37:44","date_gmt":"2020-05-17T19:37:44","guid":{"rendered":"https:\/\/demosites.io\/yoga-studio-gb\/?page_id=110"},"modified":"2024-02-10T18:54:03","modified_gmt":"2024-02-10T18:54:03","slug":"84647-single-class","status":"publish","type":"page","link":"https:\/\/www.instytut-dziecko-i-natura.pl\/index.php\/84647-single-class\/","title":{"rendered":"Single class"},"content":{"rendered":"\n<div id=\"wp-block-themeisle-blocks-advanced-columns-de58857b\" class=\"wp-block-themeisle-blocks-advanced-columns alignfull has-1-columns has-desktop-equal-layout has-tablet-equal-layout has-mobile-equal-layout has-vertical-unset\"><div class=\"wp-block-themeisle-blocks-advanced-columns-overlay\"><\/div><div class=\"innerblocks-wrap\">\n<div id=\"wp-block-themeisle-blocks-advanced-column-f2953736\" class=\"wp-block-themeisle-blocks-advanced-column\">\n<div id=\"wp-block-themeisle-blocks-font-awesome-icons-548a2f18\" class=\"wp-block-themeisle-blocks-font-awesome-icons\"><span class=\"wp-block-themeisle-blocks-font-awesome-icons-container\"><i class=\"fas fa-spa\"><\/i><\/span><\/div>\n\n\n\n<h1 id=\"wp-block-themeisle-blocks-advanced-heading-a755bdf2\" class=\"wp-block-themeisle-blocks-advanced-heading wp-block-themeisle-blocks-advanced-heading-a755bdf2\">WARSZTATY<\/h1>\n<\/div>\n<\/div><\/div>\n\n\n\n<div id=\"wp-block-themeisle-blocks-advanced-columns-4c08ce8e\" class=\"wp-block-themeisle-blocks-advanced-columns alignfull has-3-columns has-desktop-equal-layout has-tablet-equal-layout has-mobile-collapsedRows-layout has-vertical-unset\"><div class=\"wp-block-themeisle-blocks-advanced-columns-overlay\"><\/div><div class=\"innerblocks-wrap\">\n<div id=\"wp-block-themeisle-blocks-advanced-column-c7e2ddf1\" class=\"wp-block-themeisle-blocks-advanced-column\">\n<figure class=\"wp-block-image size-large\"><img decoding=\"async\" loading=\"lazy\" width=\"1024\" height=\"680\" src=\"https:\/\/www.instytut-dziecko-i-natura.pl\/wp-content\/uploads\/2022\/04\/DSC_0613-1024x680.jpg\" alt=\"\" class=\"wp-image-249\" srcset=\"https:\/\/www.instytut-dziecko-i-natura.pl\/wp-content\/uploads\/2022\/04\/DSC_0613-1024x680.jpg 1024w, https:\/\/www.instytut-dziecko-i-natura.pl\/wp-content\/uploads\/2022\/04\/DSC_0613-300x199.jpg 300w, https:\/\/www.instytut-dziecko-i-natura.pl\/wp-content\/uploads\/2022\/04\/DSC_0613-768x510.jpg 768w, https:\/\/www.instytut-dziecko-i-natura.pl\/wp-content\/uploads\/2022\/04\/DSC_0613-1536x1020.jpg 1536w, https:\/\/www.instytut-dziecko-i-natura.pl\/wp-content\/uploads\/2022\/04\/DSC_0613-2048x1360.jpg 2048w\" sizes=\"(max-width: 1024px) 100vw, 1024px\" \/><figcaption class=\"wp-element-caption\"><strong>Warsztat o przekonaniach<\/strong><\/figcaption><\/figure>\n<\/div>\n\n\n\n<div id=\"wp-block-themeisle-blocks-advanced-column-821d1975\" class=\"wp-block-themeisle-blocks-advanced-column\">\n<figure class=\"wp-block-image size-large is-resized\"><img decoding=\"async\" loading=\"lazy\" width=\"1024\" height=\"512\" src=\"https:\/\/www.instytut-dziecko-i-natura.pl\/wp-content\/uploads\/2022\/03\/20201119_152316-1024x512.jpg\" alt=\"\" class=\"wp-image-241\" style=\"width:291px;height:145px\" srcset=\"https:\/\/www.instytut-dziecko-i-natura.pl\/wp-content\/uploads\/2022\/03\/20201119_152316-1024x512.jpg 1024w, https:\/\/www.instytut-dziecko-i-natura.pl\/wp-content\/uploads\/2022\/03\/20201119_152316-300x150.jpg 300w, https:\/\/www.instytut-dziecko-i-natura.pl\/wp-content\/uploads\/2022\/03\/20201119_152316-768x384.jpg 768w, https:\/\/www.instytut-dziecko-i-natura.pl\/wp-content\/uploads\/2022\/03\/20201119_152316-1536x768.jpg 1536w, https:\/\/www.instytut-dziecko-i-natura.pl\/wp-content\/uploads\/2022\/03\/20201119_152316.jpg 1747w\" sizes=\"(max-width: 1024px) 100vw, 1024px\" \/><figcaption class=\"wp-element-caption\"><strong>TRZY KR\u0118GI NATURY <\/strong><\/figcaption><\/figure>\n<\/div>\n\n\n\n<div id=\"wp-block-themeisle-blocks-advanced-column-b2fbc2ba\" class=\"wp-block-themeisle-blocks-advanced-column\">\n<figure class=\"wp-block-image size-large\"><img decoding=\"async\" loading=\"lazy\" width=\"1024\" height=\"685\" src=\"https:\/\/www.instytut-dziecko-i-natura.pl\/wp-content\/uploads\/2022\/04\/KOpce-4-1024x685.jpg\" alt=\"\" class=\"wp-image-251\" srcset=\"https:\/\/www.instytut-dziecko-i-natura.pl\/wp-content\/uploads\/2022\/04\/KOpce-4-1024x685.jpg 1024w, https:\/\/www.instytut-dziecko-i-natura.pl\/wp-content\/uploads\/2022\/04\/KOpce-4-300x201.jpg 300w, https:\/\/www.instytut-dziecko-i-natura.pl\/wp-content\/uploads\/2022\/04\/KOpce-4-768x514.jpg 768w, https:\/\/www.instytut-dziecko-i-natura.pl\/wp-content\/uploads\/2022\/04\/KOpce-4-1536x1028.jpg 1536w, https:\/\/www.instytut-dziecko-i-natura.pl\/wp-content\/uploads\/2022\/04\/KOpce-4.jpg 1626w\" sizes=\"(max-width: 1024px) 100vw, 1024px\" \/><figcaption class=\"wp-element-caption\">Warsztat o antropologii  <\/figcaption><\/figure>\n<\/div>\n<\/div><\/div>\n\n\n\n<div id=\"wp-block-themeisle-blocks-advanced-columns-8968042e\" class=\"wp-block-themeisle-blocks-advanced-columns alignfull has-1-columns has-desktop-equal-layout has-tablet-equal-layout has-mobile-equal-layout has-vertical-unset\"><div class=\"wp-block-themeisle-blocks-advanced-columns-overlay\"><\/div><div class=\"innerblocks-wrap\">\n<div id=\"wp-block-themeisle-blocks-advanced-column-a01a1e08\" class=\"wp-block-themeisle-blocks-advanced-column\">\n<h2 class=\"wp-block-heading has-text-align-center has-x-large-font-size\" style=\"font-style:normal;font-weight:100\">Obecnie rozw\u00f3j osobisty jest wpisany w rodzicielstwo &#8211; zbyt wiele informacji przes\u0142ania dost\u0119p do prostych prawd o rozwoju dzieci i dojrzewaniu rodzic\u00f3w. Potrzebny jest dobry kompas.<\/h2>\n\n\n\n<hr class=\"wp-block-separator has-text-color has-neve-link-hover-color-color has-css-opacity has-neve-link-hover-color-background-color has-background\"\/>\n<\/div>\n<\/div><\/div>\n\n\n\n<div id=\"wp-block-themeisle-blocks-advanced-columns-cee39d30\" class=\"wp-block-themeisle-blocks-advanced-columns alignfull has-3-columns has-desktop-equal-layout has-tablet-equal-layout has-mobile-collapsedRows-layout has-vertical-unset\"><div class=\"wp-block-themeisle-blocks-advanced-columns-overlay\"><\/div><div class=\"innerblocks-wrap\">\n<div id=\"wp-block-themeisle-blocks-advanced-column-3cf44e56\" class=\"wp-block-themeisle-blocks-advanced-column\">\n<div id=\"wp-block-themeisle-blocks-font-awesome-icons-d4e92e1b\" class=\"wp-block-themeisle-blocks-font-awesome-icons\"><span class=\"wp-block-themeisle-blocks-font-awesome-icons-container\"><i class=\"fas fa-spa\"><\/i><\/span><\/div>\n\n\n\n<h3 class=\"wp-block-heading has-text-align-center\">XXX<\/h3>\n\n\n\n<p class=\"has-text-align-center\">YYY<\/p>\n\n\n\n<div id=\"wp-block-themeisle-blocks-font-awesome-icons-cc46707f\" class=\"wp-block-themeisle-blocks-font-awesome-icons\"><span class=\"wp-block-themeisle-blocks-font-awesome-icons-container\"><i class=\"fas fa-infinity\"><\/i><\/span><\/div>\n\n\n\n<h3 class=\"wp-block-heading has-text-align-center\">XXX<\/h3>\n\n\n\n<p class=\"has-text-align-center\">YYY<\/p>\n<\/div>\n\n\n\n<div id=\"wp-block-themeisle-blocks-advanced-column-a8d40285\" class=\"wp-block-themeisle-blocks-advanced-column\">\n<figure class=\"wp-block-image size-large is-resized\"><img decoding=\"async\" loading=\"lazy\" width=\"1024\" height=\"512\" src=\"https:\/\/www.instytut-dziecko-i-natura.pl\/wp-content\/uploads\/2023\/01\/20201119_152316-1024x512.jpg\" alt=\"\" class=\"wp-image-312\" style=\"width:676px;height:338px\" srcset=\"https:\/\/www.instytut-dziecko-i-natura.pl\/wp-content\/uploads\/2023\/01\/20201119_152316-1024x512.jpg 1024w, https:\/\/www.instytut-dziecko-i-natura.pl\/wp-content\/uploads\/2023\/01\/20201119_152316-300x150.jpg 300w, https:\/\/www.instytut-dziecko-i-natura.pl\/wp-content\/uploads\/2023\/01\/20201119_152316-768x384.jpg 768w, https:\/\/www.instytut-dziecko-i-natura.pl\/wp-content\/uploads\/2023\/01\/20201119_152316-1536x768.jpg 1536w, https:\/\/www.instytut-dziecko-i-natura.pl\/wp-content\/uploads\/2023\/01\/20201119_152316.jpg 1747w\" sizes=\"(max-width: 1024px) 100vw, 1024px\" \/><\/figure>\n<\/div>\n\n\n\n<div id=\"wp-block-themeisle-blocks-advanced-column-e77516e6\" class=\"wp-block-themeisle-blocks-advanced-column\">\n<div id=\"wp-block-themeisle-blocks-font-awesome-icons-2d664775\" class=\"wp-block-themeisle-blocks-font-awesome-icons\"><span class=\"wp-block-themeisle-blocks-font-awesome-icons-container\"><i class=\"fas fa-heartbeat\"><\/i><\/span><\/div>\n\n\n\n<h3 class=\"wp-block-heading has-text-align-center\">XXX<\/h3>\n\n\n\n<p class=\"has-text-align-center\">YYY<\/p>\n\n\n\n<div id=\"wp-block-themeisle-blocks-font-awesome-icons-f8fe6564\" class=\"wp-block-themeisle-blocks-font-awesome-icons\"><span class=\"wp-block-themeisle-blocks-font-awesome-icons-container\"><i class=\"fas fa-om\"><\/i><\/span><\/div>\n\n\n\n<h3 class=\"wp-block-heading has-text-align-center\">XXX<\/h3>\n\n\n\n<p class=\"has-text-align-center\">YYY<\/p>\n<\/div>\n<\/div><\/div>\n\n\n\n<div id=\"wp-block-themeisle-blocks-advanced-columns-4b23d2a7\" class=\"wp-block-themeisle-blocks-advanced-columns alignfull has-1-columns has-desktop-equal-layout has-tablet-equal-layout has-mobile-equal-layout has-vertical-unset has-dark-bg\"><div class=\"wp-block-themeisle-blocks-advanced-columns-overlay\"><\/div><div class=\"innerblocks-wrap\">\n<div id=\"wp-block-themeisle-blocks-advanced-column-bb15f75a\" class=\"wp-block-themeisle-blocks-advanced-column\">\n<div id=\"wp-block-themeisle-blocks-font-awesome-icons-de851078\" class=\"wp-block-themeisle-blocks-font-awesome-icons\"><span class=\"wp-block-themeisle-blocks-font-awesome-icons-container\"><i class=\"fas fa-spa\"><\/i><\/span><\/div>\n\n\n\n<h2 class=\"wp-block-heading has-text-align-center has-nv-text-dark-bg-color has-text-color\">Join for Free  <\/h2>\n\n\n\n<hr class=\"wp-block-separator has-text-color has-nv-text-dark-bg-color has-css-opacity has-nv-text-dark-bg-background-color has-background\"\/>\n\n\n\n<div class=\"wp-block-buttons is-content-justification-center is-layout-flex wp-container-1 wp-block-buttons-is-layout-flex\">\n<div class=\"wp-block-button is-style-primary\"><a class=\"wp-block-button__link has-neve-btn-bg-hover-background-color has-background wp-element-button\" rel=\"I want to join for a free course\">I want to join for a free course<\/a><\/div>\n<\/div>\n<\/div>\n<\/div><\/div>\n","protected":false},"excerpt":{"rendered":"","protected":false},"author":1,"featured_media":0,"parent":0,"menu_order":0,"comment_status":"closed","ping_status":"closed","template":"page-templates\/template-pagebuilder-full-width.php","meta":{"neve_meta_sidebar":"full-width","neve_meta_container":"","neve_meta_enable_content_width":"on","neve_meta_content_width":100,"neve_meta_title_alignment":"","neve_meta_author_avatar":"","neve_post_elements_order":"","neve_meta_disable_header":"","neve_meta_disable_footer":"","neve_meta_disable_title":"on","_themeisle_gutenberg_block_has_review":false,"_ti_tpc_template_sync":false,"_ti_tpc_template_id":"0gkbbwc1d9v8vd6t5xmf","footnotes":""},"_links":{"self":[{"href":"https:\/\/www.instytut-dziecko-i-natura.pl\/index.php\/wp-json\/wp\/v2\/pages\/110"}],"collection":[{"href":"https:\/\/www.instytut-dziecko-i-natura.pl\/index.php\/wp-json\/wp\/v2\/pages"}],"about":[{"href":"https:\/\/www.instytut-dziecko-i-natura.pl\/index.php\/wp-json\/wp\/v2\/types\/page"}],"author":[{"embeddable":true,"href":"https:\/\/www.instytut-dziecko-i-natura.pl\/index.php\/wp-json\/wp\/v2\/users\/1"}],"replies":[{"embeddable":true,"href":"https:\/\/www.instytut-dziecko-i-natura.pl\/index.php\/wp-json\/wp\/v2\/comments?post=110"}],"version-history":[{"count":5,"href":"https:\/\/www.instytut-dziecko-i-natura.pl\/index.php\/wp-json\/wp\/v2\/pages\/110\/revisions"}],"predecessor-version":[{"id":541,"href":"https:\/\/www.instytut-dziecko-i-natura.pl\/index.php\/wp-json\/wp\/v2\/pages\/110\/revisions\/541"}],"wp:attachment":[{"href":"https:\/\/www.instytut-dziecko-i-natura.pl\/index.php\/wp-json\/wp\/v2\/media?parent=110"}],"curies":[{"name":"wp","href":"https:\/\/api.w.org\/{rel}","templated":true}]}}