{"id":218,"date":"2022-02-18T20:02:28","date_gmt":"2022-02-18T20:02:28","guid":{"rendered":"http:\/\/www.instytut-dziecko-i-natura.pl\/?page_id=218"},"modified":"2023-01-14T01:05:48","modified_gmt":"2023-01-14T01:05:48","slug":"webinary","status":"publish","type":"page","link":"https:\/\/www.instytut-dziecko-i-natura.pl\/index.php\/webinary\/","title":{"rendered":"WEBINARY"},"content":{"rendered":"\n<p>Tu b\u0119d\u0105 pojawia\u0107 si\u0119 informacje o seminariach organizowanych przez Instytut  <\/p>\n","protected":false},"excerpt":{"rendered":"<p>Tu b\u0119d\u0105 pojawia\u0107 si\u0119 informacje o seminariach organizowanych przez Instytut<\/p>\n","protected":false},"author":1,"featured_media":0,"parent":0,"menu_order":0,"comment_status":"closed","ping_status":"closed","template":"","meta":{"neve_meta_sidebar":"","neve_meta_container":"","neve_meta_enable_content_width":"","neve_meta_content_width":0,"neve_meta_title_alignment":"","neve_meta_author_avatar":"","neve_post_elements_order":"","neve_meta_disable_header":"","neve_meta_disable_footer":"","neve_meta_disable_title":"","_themeisle_gutenberg_block_has_review":false,"_ti_tpc_template_sync":false,"_ti_tpc_template_id":"","footnotes":""},"_links":{"self":[{"href":"https:\/\/www.instytut-dziecko-i-natura.pl\/index.php\/wp-json\/wp\/v2\/pages\/218"}],"collection":[{"href":"https:\/\/www.instytut-dziecko-i-natura.pl\/index.php\/wp-json\/wp\/v2\/pages"}],"about":[{"href":"https:\/\/www.instytut-dziecko-i-natura.pl\/index.php\/wp-json\/wp\/v2\/types\/page"}],"author":[{"embeddable":true,"href":"https:\/\/www.instytut-dziecko-i-natura.pl\/index.php\/wp-json\/wp\/v2\/users\/1"}],"replies":[{"embeddable":true,"href":"https:\/\/www.instytut-dziecko-i-natura.pl\/index.php\/wp-json\/wp\/v2\/comments?post=218"}],"version-history":[{"count":2,"href":"https:\/\/www.instytut-dziecko-i-natura.pl\/index.php\/wp-json\/wp\/v2\/pages\/218\/revisions"}],"predecessor-version":[{"id":367,"href":"https:\/\/www.instytut-dziecko-i-natura.pl\/index.php\/wp-json\/wp\/v2\/pages\/218\/revisions\/367"}],"wp:attachment":[{"href":"https:\/\/www.instytut-dziecko-i-natura.pl\/index.php\/wp-json\/wp\/v2\/media?parent=218"}],"curies":[{"name":"wp","href":"https:\/\/api.w.org\/{rel}","templated":true}]}}