{"id":223,"date":"2022-02-18T20:02:28","date_gmt":"2022-02-18T20:02:28","guid":{"rendered":"http:\/\/www.instytut-dziecko-i-natura.pl\/?page_id=223"},"modified":"2023-03-19T01:06:49","modified_gmt":"2023-03-19T01:06:49","slug":"rada-naukowa-instytutu","status":"publish","type":"page","link":"https:\/\/www.instytut-dziecko-i-natura.pl\/index.php\/rada-naukowa-instytutu\/","title":{"rendered":"RADA NAUKOWA INSTYTUTU"},"content":{"rendered":"\n<h3 class=\"wp-block-heading\">Przewodnicz\u0105cy: <\/h3>\n\n\n\n<h3 class=\"wp-block-heading\">dr Bogdan Ogrodnik &#8211; Pracownia Edukacji \u017bywej<\/h3>\n\n\n\n<p><\/p>\n\n\n\n<p><\/p>\n\n\n\n<h2 class=\"wp-block-heading\">Cz\u0142onkowie Rady<\/h2>\n\n\n\n<h3 class=\"wp-block-heading\">prof. Beata Przyborowska &#8211; UMK: Instytut Pedagogiki <\/h3>\n\n\n\n<h3 class=\"wp-block-heading\">prof. Piotr B\u0142ajet &#8211; UMK:  Instytut Pedagogiki<\/h3>\n\n\n\n<h3 class=\"wp-block-heading\">prof. Miros\u0142aw Patalon &#8211; Akademia Pomorska: Instytut Pedagogiki<\/h3>\n\n\n\n<h3 class=\"wp-block-heading\">dr Tomasz Komendzi\u0144ski &#8211; UMK: Katedra Kognitywistyki<\/h3>\n\n\n\n<h3 class=\"wp-block-heading\">dr Maja G\u0142owacka &#8211; Pracownia Edukacji \u017bywej<\/h3>\n\n\n\n<p><\/p>\n","protected":false},"excerpt":{"rendered":"<p>Przewodnicz\u0105cy: dr Bogdan Ogrodnik &#8211; Pracownia Edukacji \u017bywej Cz\u0142onkowie Rady prof. Beata Przyborowska &#8211; UMK: Instytut Pedagogiki prof. Piotr B\u0142ajet &#8211; UMK: Instytut Pedagogiki prof. Miros\u0142aw Patalon &#8211; Akademia Pomorska: Instytut Pedagogiki dr Tomasz Komendzi\u0144ski &#8211; UMK: Katedra Kognitywistyki dr Maja G\u0142owacka &#8211; Pracownia Edukacji \u017bywej<\/p>\n","protected":false},"author":1,"featured_media":0,"parent":0,"menu_order":0,"comment_status":"closed","ping_status":"closed","template":"","meta":{"neve_meta_sidebar":"","neve_meta_container":"","neve_meta_enable_content_width":"","neve_meta_content_width":0,"neve_meta_title_alignment":"","neve_meta_author_avatar":"","neve_post_elements_order":"","neve_meta_disable_header":"","neve_meta_disable_footer":"","neve_meta_disable_title":"","_themeisle_gutenberg_block_has_review":false,"_ti_tpc_template_sync":false,"_ti_tpc_template_id":"","footnotes":""},"_links":{"self":[{"href":"https:\/\/www.instytut-dziecko-i-natura.pl\/index.php\/wp-json\/wp\/v2\/pages\/223"}],"collection":[{"href":"https:\/\/www.instytut-dziecko-i-natura.pl\/index.php\/wp-json\/wp\/v2\/pages"}],"about":[{"href":"https:\/\/www.instytut-dziecko-i-natura.pl\/index.php\/wp-json\/wp\/v2\/types\/page"}],"author":[{"embeddable":true,"href":"https:\/\/www.instytut-dziecko-i-natura.pl\/index.php\/wp-json\/wp\/v2\/users\/1"}],"replies":[{"embeddable":true,"href":"https:\/\/www.instytut-dziecko-i-natura.pl\/index.php\/wp-json\/wp\/v2\/comments?post=223"}],"version-history":[{"count":3,"href":"https:\/\/www.instytut-dziecko-i-natura.pl\/index.php\/wp-json\/wp\/v2\/pages\/223\/revisions"}],"predecessor-version":[{"id":512,"href":"https:\/\/www.instytut-dziecko-i-natura.pl\/index.php\/wp-json\/wp\/v2\/pages\/223\/revisions\/512"}],"wp:attachment":[{"href":"https:\/\/www.instytut-dziecko-i-natura.pl\/index.php\/wp-json\/wp\/v2\/media?parent=223"}],"curies":[{"name":"wp","href":"https:\/\/api.w.org\/{rel}","templated":true}]}}