{"id":370,"date":"2023-01-14T01:10:51","date_gmt":"2023-01-14T01:10:51","guid":{"rendered":"https:\/\/www.instytut-dziecko-i-natura.pl\/?page_id=370"},"modified":"2023-01-14T01:16:45","modified_gmt":"2023-01-14T01:16:45","slug":"konsultacje-rozowojowo-wychowawcze-dla-rodzicow","status":"publish","type":"page","link":"https:\/\/www.instytut-dziecko-i-natura.pl\/index.php\/84647-classes\/konsultacje-rozowojowo-wychowawcze-dla-rodzicow\/","title":{"rendered":"KONSULTACJE DLA RODZIC\u00d3W"},"content":{"rendered":"\n<p>O\u017cywcza wi\u0119\u017a dziecka z Natur\u0105 zaczyna si\u0119 od zdrowej wi\u0119zi dziecka z rodzicami.<\/p>\n\n\n\n<p><strong>Co to jest konsultacja?<\/strong><\/p>\n\n\n\n<p>To oko\u0142o 50 minutowe spotkanie rodzica (rodzic\u00f3w) z konsultantem, dotycz\u0105ce wybranego przez rodzica tematu zwi\u0105zanego z dzieckiem lub og\u00f3lniejszymi rodzicielskimi dylematami (edukacyjnymi, rozwojowymi, wychowawczymi, itd.). W trakcie spotkania wsp\u00f3lnie przygl\u0105damy si\u0119 sytuacjom, kt\u00f3re Was niepokoj\u0105 ale i temu, co Was cieszy w rozwoju dziecka. Pr\u00f3bujemy zrozumie\u0107 trudno\u015bci i szukamy punktu wyj\u015bcia do ich zmiany.<\/p>\n\n\n\n<p><strong>Czym konsultacja nie jest.<\/strong><\/p>\n\n\n\n<p>Konsultacja nie jest psychoterapi\u0105, cho\u0107 mo\u017ce polepszy\u0107 dobrostan rodzica i dziecka.<\/p>\n\n\n\n<p>Nie jest poradnictwem, chocia\u017c nieraz wsp\u00f3lnie odkrywamy nowe sposoby radzenia sobie z trudno\u015bciami.<\/p>\n\n\n\n<p>Nie jest te\u017c coachingiem, chocia\u017c je\u017celi konsultacji jest wi\u0119cej, to proces zmiany jest przeze mnie wspierany.<\/p>\n\n\n\n<p>Konsultacja nie jest od stawiania diagnoz czy ocen, jest czasem po\u015bwi\u0119conym dziecku takiemu jakie jest i rodzicowi, kt\u00f3ry robi co mo\u017ce, aby zapewni\u0107 mu jak najlepsze dzieci\u0144stwo.<\/p>\n\n\n\n<p><strong>Wa\u017cne o konsultacji<\/strong><\/p>\n\n\n\n<p>W konsultacji to rodzic jest specjalist\u0105 od swoich spraw rodzinnych a konsultant pomaga mu rozja\u015bni\u0107 trudn\u0105 sytuacj\u0119 i wspiera zmiany. Konsultacje prowadzone s\u0105 w duchu szacunku dla rodzicielstwa. W spos\u00f3b, kt\u00f3ry pozwala rodzicowi czu\u0107 si\u0119 swobodnie i bezpiecznie, uczestnicz\u0105c zarazem w poszukiwaniu lepszego rozumienia problemu i nowych pomys\u0142\u00f3w na jego rozwi\u0105zanie lub zmniejszenie jego uci\u0105\u017cliwo\u015bci.<\/p>\n\n\n\n<p><strong>Dlaczego zdecydowa\u0142em si\u0119 zaproponowa\u0107 Wam \u2013 rodzicom \u2013 konsultacje.<\/strong><\/p>\n\n\n\n<p>Od wielu lat pracuj\u0119 z rodzinami i rozwijam swoje kompetencje. W pracy konsultacyjnej korzystam z r\u00f3\u017cnych nurt\u00f3w psychologii humanistycznej, teorii wi\u0119zi i wywodz\u0105cego si\u0119 z niej podej\u015bcia znanego jako rodzicielstwo blisko\u015bci. Sko\u0144czy\u0142em dwie edycje Szko\u0142y Konsultacji dla profesjonalist\u00f3w Agnieszki Stein oraz kilka szkole\u0144 z zakresu zastosowa\u0144 teorii przywi\u0105zania\/wi\u0119zi prowadzonych przez dr Teres\u0119 Jadczak Szumi\u0142\u0142o. Je\u017celi jest to korzystne dla lepszego rozumienia trudno\u015bci, korzystam te\u017c z mojego filozoficznego zaplecza. Wi\u0119cej o mnie mo\u017cecie przeczyta\u0107 na stronie&nbsp;<a href=\"http:\/\/www.pez.org.pl\/zespol\/\">www.pez.org.pl\/zespol\/<\/a>.<\/p>\n\n\n\n<p>Konsultacje on-line prowadz\u0119 w czwartki w godzinach porannych i popo\u0142udniowo-wieczornych. Aby ustali\u0107 godzin\u0119 spotkania prosz\u0119 o kontakt e-mailowy na adres: bogrodnik.pez@gmail.com. Koszt 50 minutowej konsultacji wynosi obecnie 100 z\u0142 i kwota ta jest przeznaczona na rozw\u00f3j Pracowni Edukacji \u017bywej. W przypadku ustalonego terminu konsultacji poprosz\u0119 o wcze\u015bniejsz\u0105 wp\u0142at\u0119 na konto fundacji z dopiskiem \u201ekonsultacje\u201d.<\/p>\n\n\n\n<p>Konto Fundacji Pracownia Edukacji \u017bywej: &nbsp;BG\u017b o\/Miko\u0142\u00f3w 35 2030 0045 1110 0000 0371 7970<\/p>\n","protected":false},"excerpt":{"rendered":"<p>O\u017cywcza wi\u0119\u017a dziecka z Natur\u0105 zaczyna si\u0119 od zdrowej wi\u0119zi dziecka z rodzicami. Co to jest konsultacja? To oko\u0142o 50 minutowe spotkanie rodzica (rodzic\u00f3w) z konsultantem, dotycz\u0105ce wybranego przez rodzica tematu zwi\u0105zanego z dzieckiem lub og\u00f3lniejszymi rodzicielskimi dylematami (edukacyjnymi, rozwojowymi, wychowawczymi, itd.). W trakcie spotkania wsp\u00f3lnie przygl\u0105damy si\u0119 sytuacjom, kt\u00f3re Was niepokoj\u0105 ale i temu,&hellip;&nbsp;<a href=\"https:\/\/www.instytut-dziecko-i-natura.pl\/index.php\/84647-classes\/konsultacje-rozowojowo-wychowawcze-dla-rodzicow\/\" class=\"\" rel=\"bookmark\">Czytaj dalej &raquo;<span class=\"screen-reader-text\">KONSULTACJE DLA RODZIC\u00d3W<\/span><\/a><\/p>\n","protected":false},"author":1,"featured_media":0,"parent":109,"menu_order":3,"comment_status":"closed","ping_status":"closed","template":"","meta":{"neve_meta_sidebar":"","neve_meta_container":"","neve_meta_enable_content_width":"","neve_meta_content_width":0,"neve_meta_title_alignment":"left","neve_meta_author_avatar":"","neve_post_elements_order":"","neve_meta_disable_header":"off","neve_meta_disable_footer":"","neve_meta_disable_title":"off","_themeisle_gutenberg_block_has_review":false,"_ti_tpc_template_sync":false,"_ti_tpc_template_id":"","footnotes":""},"_links":{"self":[{"href":"https:\/\/www.instytut-dziecko-i-natura.pl\/index.php\/wp-json\/wp\/v2\/pages\/370"}],"collection":[{"href":"https:\/\/www.instytut-dziecko-i-natura.pl\/index.php\/wp-json\/wp\/v2\/pages"}],"about":[{"href":"https:\/\/www.instytut-dziecko-i-natura.pl\/index.php\/wp-json\/wp\/v2\/types\/page"}],"author":[{"embeddable":true,"href":"https:\/\/www.instytut-dziecko-i-natura.pl\/index.php\/wp-json\/wp\/v2\/users\/1"}],"replies":[{"embeddable":true,"href":"https:\/\/www.instytut-dziecko-i-natura.pl\/index.php\/wp-json\/wp\/v2\/comments?post=370"}],"version-history":[{"count":3,"href":"https:\/\/www.instytut-dziecko-i-natura.pl\/index.php\/wp-json\/wp\/v2\/pages\/370\/revisions"}],"predecessor-version":[{"id":375,"href":"https:\/\/www.instytut-dziecko-i-natura.pl\/index.php\/wp-json\/wp\/v2\/pages\/370\/revisions\/375"}],"up":[{"embeddable":true,"href":"https:\/\/www.instytut-dziecko-i-natura.pl\/index.php\/wp-json\/wp\/v2\/pages\/109"}],"wp:attachment":[{"href":"https:\/\/www.instytut-dziecko-i-natura.pl\/index.php\/wp-json\/wp\/v2\/media?parent=370"}],"curies":[{"name":"wp","href":"https:\/\/api.w.org\/{rel}","templated":true}]}}