{"id":94,"date":"2020-05-15T20:15:38","date_gmt":"2020-05-15T20:15:38","guid":{"rendered":"https:\/\/demosites.io\/yoga-studio-gb\/?page_id=94"},"modified":"2024-02-10T18:46:50","modified_gmt":"2024-02-10T18:46:50","slug":"84647-home","status":"publish","type":"page","link":"https:\/\/www.instytut-dziecko-i-natura.pl\/","title":{"rendered":"Home"},"content":{"rendered":"\n<div id=\"wp-block-themeisle-blocks-advanced-columns-c66cca8a\" class=\"wp-block-themeisle-blocks-advanced-columns alignfull has-1-columns has-desktop-equal-layout has-tablet-equal-layout has-mobile-equal-layout has-vertical-unset\"><div class=\"wp-block-themeisle-blocks-advanced-columns-overlay\"><\/div><div class=\"innerblocks-wrap\">\n<div id=\"wp-block-themeisle-blocks-advanced-column-38b46dce\" class=\"wp-block-themeisle-blocks-advanced-column\">\n<div id=\"wp-block-themeisle-blocks-font-awesome-icons-3d023595\" class=\"wp-block-themeisle-blocks-font-awesome-icons\"><span class=\"wp-block-themeisle-blocks-font-awesome-icons-container\"><i class=\"fas fa-hand-holding-heart\"><\/i><\/span><\/div>\n\n\n\n<p><\/p>\n\n\n\n<h4 class=\"wp-block-heading has-text-align-center has-nv-text-dark-bg-color has-text-color\" id=\"dla-dziecka-pierwszyym-kregiem-natury-jest-matka-drugi-tworzy-plemie-do-ktorego-nalezy-trzecim-jest-przyroda\">DZIECKO RODZ\u0104C SI\u0118 I ROSN\u0104C WRASTA KOLEJNO W TRZY KR\u0118GI NATURY:<\/h4>\n\n\n\n<h4 class=\"wp-block-heading has-text-align-center has-nv-text-dark-bg-color has-text-color\" id=\"dla-dziecka-pierwszyym-kregiem-natury-jest-matka-drugi-tworzy-plemie-do-ktorego-nalezy-trzecim-jest-przyroda\">PIERWSZY KR\u0104G TWORZ\u0104 RODZICE OTACZAJ\u0104C DZIECKO MI\u0141O\u015aCI\u0104 I TROSK\u0104   <\/h4>\n\n\n\n<h4 class=\"wp-block-heading has-text-align-center has-nv-text-dark-bg-color has-text-color\" id=\"dla-dziecka-pierwszyym-kregiem-natury-jest-matka-drugi-tworzy-plemie-do-ktorego-nalezy-trzecim-jest-przyroda\">DRUGI TWORZ\u0104 WI\u0118ZI  PLEMIENNE<\/h4>\n\n\n\n<h4 class=\"wp-block-heading has-text-align-center has-nv-text-dark-bg-color has-text-color\" id=\"dla-dziecka-pierwszyym-kregiem-natury-jest-matka-drugi-tworzy-plemie-do-ktorego-nalezy-trzecim-jest-przyroda\">TRZECIM JEST PRZYRODA &#8211; RODZINA RODZIN <\/h4>\n\n\n\n<h4 class=\"wp-block-heading has-text-align-center has-nv-text-dark-bg-color has-text-color\" id=\"dla-dziecka-pierwszyym-kregiem-natury-jest-matka-drugi-tworzy-plemie-do-ktorego-nalezy-trzecim-jest-przyroda\">WSP\u00d3LNIE TWORZ\u0104 PRZESTRZE\u0143 OPTYMALNEGO ROZWOJU DZIECKA<\/h4>\n\n\n\n<p>w<\/p>\n\n\n\n<p>NICN<\/p>\n\n\n\n<div id=\"wp-block-themeisle-blocks-advanced-columns-a013e2b7\" class=\"wp-block-themeisle-blocks-advanced-columns has-3-columns has-desktop-equal-layout has-tablet-equal-layout has-mobile-collapsedRows-layout has-vertical-unset\"><div class=\"wp-block-themeisle-blocks-advanced-columns-overlay\"><\/div><div class=\"innerblocks-wrap\">\n<div id=\"wp-block-themeisle-blocks-advanced-column-c79bec77\" class=\"wp-block-themeisle-blocks-advanced-column\">\n<figure class=\"wp-block-image size-large\"><img decoding=\"async\" loading=\"lazy\" width=\"1024\" height=\"685\" src=\"https:\/\/www.instytut-dziecko-i-natura.pl\/wp-content\/uploads\/2023\/01\/moje-foto-1-1024x685.jpg\" alt=\"\" class=\"wp-image-306\" srcset=\"https:\/\/www.instytut-dziecko-i-natura.pl\/wp-content\/uploads\/2023\/01\/moje-foto-1-1024x685.jpg 1024w, https:\/\/www.instytut-dziecko-i-natura.pl\/wp-content\/uploads\/2023\/01\/moje-foto-1-300x201.jpg 300w, https:\/\/www.instytut-dziecko-i-natura.pl\/wp-content\/uploads\/2023\/01\/moje-foto-1-768x514.jpg 768w, https:\/\/www.instytut-dziecko-i-natura.pl\/wp-content\/uploads\/2023\/01\/moje-foto-1-1536x1028.jpg 1536w, https:\/\/www.instytut-dziecko-i-natura.pl\/wp-content\/uploads\/2023\/01\/moje-foto-1-2048x1371.jpg 2048w\" sizes=\"(max-width: 1024px) 100vw, 1024px\" \/><\/figure>\n<\/div>\n\n\n\n<div id=\"wp-block-themeisle-blocks-advanced-column-48ce27b4\" class=\"wp-block-themeisle-blocks-advanced-column\">\n<figure class=\"wp-block-image size-large\"><img decoding=\"async\" loading=\"lazy\" width=\"1024\" height=\"682\" src=\"https:\/\/www.instytut-dziecko-i-natura.pl\/wp-content\/uploads\/2023\/01\/Maja-i-Bogus-10.2021-34-1024x682.jpg\" alt=\"\" class=\"wp-image-305\" srcset=\"https:\/\/www.instytut-dziecko-i-natura.pl\/wp-content\/uploads\/2023\/01\/Maja-i-Bogus-10.2021-34-1024x682.jpg 1024w, https:\/\/www.instytut-dziecko-i-natura.pl\/wp-content\/uploads\/2023\/01\/Maja-i-Bogus-10.2021-34-300x200.jpg 300w, https:\/\/www.instytut-dziecko-i-natura.pl\/wp-content\/uploads\/2023\/01\/Maja-i-Bogus-10.2021-34-768x512.jpg 768w, https:\/\/www.instytut-dziecko-i-natura.pl\/wp-content\/uploads\/2023\/01\/Maja-i-Bogus-10.2021-34-930x620.jpg 930w, https:\/\/www.instytut-dziecko-i-natura.pl\/wp-content\/uploads\/2023\/01\/Maja-i-Bogus-10.2021-34.jpg 1499w\" sizes=\"(max-width: 1024px) 100vw, 1024px\" \/><\/figure>\n<\/div>\n\n\n\n<div id=\"wp-block-themeisle-blocks-advanced-column-50202e8e\" class=\"wp-block-themeisle-blocks-advanced-column\">\n<figure class=\"wp-block-image size-large\"><img decoding=\"async\" loading=\"lazy\" width=\"1024\" height=\"686\" src=\"https:\/\/www.instytut-dziecko-i-natura.pl\/wp-content\/uploads\/2023\/01\/rodziny-1024x686.jpg\" alt=\"\" class=\"wp-image-307\" srcset=\"https:\/\/www.instytut-dziecko-i-natura.pl\/wp-content\/uploads\/2023\/01\/rodziny-1024x686.jpg 1024w, https:\/\/www.instytut-dziecko-i-natura.pl\/wp-content\/uploads\/2023\/01\/rodziny-300x201.jpg 300w, https:\/\/www.instytut-dziecko-i-natura.pl\/wp-content\/uploads\/2023\/01\/rodziny-768x514.jpg 768w, https:\/\/www.instytut-dziecko-i-natura.pl\/wp-content\/uploads\/2023\/01\/rodziny-1536x1028.jpg 1536w, https:\/\/www.instytut-dziecko-i-natura.pl\/wp-content\/uploads\/2023\/01\/rodziny.jpg 1897w\" sizes=\"(max-width: 1024px) 100vw, 1024px\" \/><\/figure>\n<\/div>\n<\/div><\/div>\n\n\n\n<p class=\"has-text-align-center has-nv-text-dark-bg-color has-text-color\"><\/p>\n<\/div>\n<\/div><\/div>\n\n\n\n<div id=\"wp-block-themeisle-blocks-advanced-columns-a0467e79\" class=\"wp-block-themeisle-blocks-advanced-columns alignfull has-2-columns has-desktop-oneTwo-layout has-tablet-equal-layout has-mobile-collapsedRows-layout has-vertical-center\"><div class=\"wp-block-themeisle-blocks-advanced-columns-overlay\"><\/div><div class=\"innerblocks-wrap\">\n<div id=\"wp-block-themeisle-blocks-advanced-column-0a334cee\" class=\"wp-block-themeisle-blocks-advanced-column\">\n<h3 class=\"wp-block-heading has-text-align-center\" id=\"in-our-studio-yoga-is-a-way-of-life\">BUDOWANIE WI\u0118ZI DZIECKA Z NAMI TO PROCES NATURALNY ALE TO MY, NASZE UWA\u017bNE PRZEWODZENIE WYZNACZA DZIECKU KIERUNEK W\u0118DR\u00d3WKI KU PE\u0141NI \u017bYCIA<\/h3>\n\n\n\n<p><\/p>\n\n\n\n<div class=\"wp-block-buttons is-layout-flex wp-block-buttons-is-layout-flex\">\n<div class=\"wp-block-button is-style-primary\"><a class=\"wp-block-button__link has-neve-button-color-background-color has-background wp-element-button\" rel=\"https:\/\/www.instytut-dziecko-i-natura.pl\/classes\/\">Zobacz propozycje Instytutu<\/a><\/div>\n<\/div>\n<\/div>\n\n\n\n<div id=\"wp-block-themeisle-blocks-advanced-column-bbb02966\" class=\"wp-block-themeisle-blocks-advanced-column\">\n<figure class=\"wp-block-image size-large\"><img decoding=\"async\" loading=\"lazy\" width=\"1024\" height=\"680\" src=\"https:\/\/www.instytut-dziecko-i-natura.pl\/wp-content\/uploads\/2023\/01\/prof1-1024x680.jpg\" alt=\"\" class=\"wp-image-340\" srcset=\"https:\/\/www.instytut-dziecko-i-natura.pl\/wp-content\/uploads\/2023\/01\/prof1-1024x680.jpg 1024w, https:\/\/www.instytut-dziecko-i-natura.pl\/wp-content\/uploads\/2023\/01\/prof1-300x199.jpg 300w, https:\/\/www.instytut-dziecko-i-natura.pl\/wp-content\/uploads\/2023\/01\/prof1-768x510.jpg 768w, https:\/\/www.instytut-dziecko-i-natura.pl\/wp-content\/uploads\/2023\/01\/prof1-1536x1020.jpg 1536w, https:\/\/www.instytut-dziecko-i-natura.pl\/wp-content\/uploads\/2023\/01\/prof1.jpg 1801w\" sizes=\"(max-width: 1024px) 100vw, 1024px\" \/><\/figure>\n<\/div>\n<\/div><\/div>\n\n\n\n<div id=\"wp-block-themeisle-blocks-advanced-columns-7ba7d6c5\" class=\"wp-block-themeisle-blocks-advanced-columns alignfull has-1-columns has-desktop-equal-layout has-tablet-equal-layout has-mobile-equal-layout has-vertical-unset\"><div class=\"wp-block-themeisle-blocks-advanced-columns-overlay\"><\/div><div class=\"innerblocks-wrap\">\n<div id=\"wp-block-themeisle-blocks-advanced-column-595d406b\" class=\"wp-block-themeisle-blocks-advanced-column\">\n<h2 class=\"wp-block-heading has-text-align-center\" id=\"why-join-one-of-our-classes\">OBSZAR PRAC INSTYTUTU <\/h2>\n<\/div>\n<\/div><\/div>\n\n\n\n<div id=\"wp-block-themeisle-blocks-advanced-columns-7701d3d7\" class=\"wp-block-themeisle-blocks-advanced-columns alignfull has-3-columns has-desktop-equal-layout has-tablet-equal-layout has-mobile-collapsedRows-layout has-vertical-unset\"><div class=\"wp-block-themeisle-blocks-advanced-columns-overlay\"><\/div><div class=\"innerblocks-wrap\">\n<div id=\"wp-block-themeisle-blocks-advanced-column-13d4f956\" class=\"wp-block-themeisle-blocks-advanced-column\">\n<div class=\"wp-block-themeisle-blocks-service\">\n<div id=\"wp-block-themeisle-blocks-font-awesome-icons-c4bb8156\" class=\"wp-block-themeisle-blocks-font-awesome-icons\"><span class=\"wp-block-themeisle-blocks-font-awesome-icons-container\"><i class=\"fas fa-child\"><\/i><\/span><\/div>\n\n\n\n<h3 class=\"wp-block-heading has-text-align-center\" id=\"dziecko\">DZIECKO<\/h3>\n\n\n\n<p class=\"has-text-align-center\">Dziecko instynktownie poszukuje w swoim \u017cyciu \u015bwiat\u0142a, ciep\u0142a i gleby.  <\/p>\n<\/div>\n<\/div>\n\n\n\n<div id=\"wp-block-themeisle-blocks-advanced-column-6f411ab5\" class=\"wp-block-themeisle-blocks-advanced-column\">\n<div id=\"wp-block-themeisle-blocks-font-awesome-icons-b23f5e28\" class=\"wp-block-themeisle-blocks-font-awesome-icons\"><span class=\"wp-block-themeisle-blocks-font-awesome-icons-container\"><i class=\"fas fa-anchor\"><\/i><\/span><\/div>\n\n\n\n<h3 class=\"wp-block-heading has-text-align-center\" id=\"holistic-approach\">WI\u0118\u0179<\/h3>\n\n\n\n<p class=\"has-text-align-center\">A\u017ceby dziecko sta\u0142o si\u0119 prawdziwie wolnym i dojrza\u0142ym cz\u0142owiekiem wpierw musi nasyci\u0107 si\u0119 zdrow\u0105 zale\u017cno\u015bci\u0105.<\/p>\n<\/div>\n\n\n\n<div id=\"wp-block-themeisle-blocks-advanced-column-ca5863bc\" class=\"wp-block-themeisle-blocks-advanced-column\">\n<div id=\"wp-block-themeisle-blocks-font-awesome-icons-14d6ba26\" class=\"wp-block-themeisle-blocks-font-awesome-icons\"><span class=\"wp-block-themeisle-blocks-font-awesome-icons-container\"><i class=\"fas fa-infinity\"><\/i><\/span><\/div>\n\n\n\n<h3 class=\"wp-block-heading has-text-align-center\" id=\"holistic-approach\">NATURA<\/h3>\n\n\n\n<p class=\"has-text-align-center\">Natura to niesko\u0144czony splot czuj\u0105cych istot. Dobrze jest czu\u0107 ich blisko\u015b\u0107 i splata\u0107 si\u0119 z tymi, kt\u00f3re s\u0105 dla nas najwa\u017cniejsze. <\/p>\n<\/div>\n<\/div><\/div>\n\n\n\n<div id=\"wp-block-themeisle-blocks-advanced-columns-b062e563\" class=\"wp-block-themeisle-blocks-advanced-columns alignfull has-6-columns has-desktop-equal-layout has-tablet-equal-layout has-mobile-collapsedRows-layout has-vertical-unset\"><div class=\"wp-block-themeisle-blocks-advanced-columns-overlay\"><\/div><div class=\"innerblocks-wrap\">\n<div id=\"wp-block-themeisle-blocks-advanced-column-bc051e8a\" class=\"wp-block-themeisle-blocks-advanced-column\">\n<div id=\"wp-block-themeisle-blocks-font-awesome-icons-9ef8067c\" class=\"wp-block-themeisle-blocks-font-awesome-icons\"><span class=\"wp-block-themeisle-blocks-font-awesome-icons-container\"><i class=\"far fa-compass\"><\/i><\/span><\/div>\n\n\n\n<h6 class=\"wp-block-heading has-text-align-center\" id=\"fitness-and-health\">PRZEWODNICTWO<\/h6>\n\n\n\n<p class=\"has-text-align-center\">Rodzic b\u0119d\u0105c najwa\u017cniejszym przewodnikiem dziecka roz\u015bwietla \u015bwiat wok\u00f3\u0142 niego i pokazuje mu drog\u0119. <\/p>\n<\/div>\n\n\n\n<div id=\"wp-block-themeisle-blocks-advanced-column-33a3a6aa\" class=\"wp-block-themeisle-blocks-advanced-column\">\n<div class=\"wp-block-themeisle-blocks-service\">\n<div id=\"wp-block-themeisle-blocks-font-awesome-icons-70d519b5\" class=\"wp-block-themeisle-blocks-font-awesome-icons\"><span class=\"wp-block-themeisle-blocks-font-awesome-icons-container\"><i class=\"fas fa-bell\"><\/i><\/span><\/div>\n\n\n\n<h6 class=\"wp-block-heading has-text-align-center\" id=\"uwaznosc\">UWA\u017bNO\u015a\u0106<\/h6>\n\n\n\n<p class=\"has-text-align-center\">Kiedy dziecko poczuje na sobie ciep\u0142o naszej uwagi rozwija si\u0119 i pnie w g\u00f3r\u0119.<\/p>\n<\/div>\n<\/div>\n\n\n\n<div id=\"wp-block-themeisle-blocks-advanced-column-f14c98cc\" class=\"wp-block-themeisle-blocks-advanced-column\">\n<div id=\"wp-block-themeisle-blocks-font-awesome-icons-bc2e32d6\" class=\"wp-block-themeisle-blocks-font-awesome-icons\"><span class=\"wp-block-themeisle-blocks-font-awesome-icons-container\"><i class=\"fas fa-hands\"><\/i><\/span><\/div>\n\n\n\n<h6 class=\"wp-block-heading has-text-align-center\" id=\"fitness-and-health\">TROSKA<\/h6>\n\n\n\n<p class=\"has-text-align-center\">Troska codziennie karmi dziecko i pozwala mu zakorzeni\u0107 si\u0119 w \u015bwiecie. <\/p>\n<\/div>\n\n\n\n<div id=\"wp-block-themeisle-blocks-advanced-column-2543aff6\" class=\"wp-block-themeisle-blocks-advanced-column\">\n<div id=\"wp-block-themeisle-blocks-font-awesome-icons-3ce721e4\" class=\"wp-block-themeisle-blocks-font-awesome-icons\"><span class=\"wp-block-themeisle-blocks-font-awesome-icons-container\"><i class=\"fas fa-circle-notch\"><\/i><\/span><\/div>\n\n\n\n<h6 class=\"wp-block-heading has-text-align-center\" id=\"fitness-and-health\">DO\u015aWIADCZANIE<\/h6>\n\n\n\n<p class=\"has-text-align-center\">Dziecko do\u015bwiadcza \u015bwiata w trakcie swoistego ta\u0144ca, w kt\u00f3rym podstawow\u0105 figur\u0105 jest kr\u0105\u017cenie wok\u00f3\u0142 osoby prowadz\u0105cej.<\/p>\n<\/div>\n\n\n\n<div id=\"wp-block-themeisle-blocks-advanced-column-bda8fb16\" class=\"wp-block-themeisle-blocks-advanced-column\">\n<div id=\"wp-block-themeisle-blocks-font-awesome-icons-ab1ae8be\" class=\"wp-block-themeisle-blocks-font-awesome-icons\"><span class=\"wp-block-themeisle-blocks-font-awesome-icons-container\"><i class=\"far fa-thumbs-up\"><\/i><\/span><\/div>\n\n\n\n<h6 class=\"wp-block-heading has-text-align-center\" id=\"fitness-and-health\"> UFNO\u015a\u0106<\/h6>\n\n\n\n<p class=\"has-text-align-center\">Ufno\u015b\u0107 to bycie na TAK  w stosunku do siebie nawzajem, to wiara, \u017ce  b\u0119dzie dobrze.<\/p>\n<\/div>\n\n\n\n<div id=\"wp-block-themeisle-blocks-advanced-column-8b2370db\" class=\"wp-block-themeisle-blocks-advanced-column\">\n<div id=\"wp-block-themeisle-blocks-font-awesome-icons-c0d8f3cd\" class=\"wp-block-themeisle-blocks-font-awesome-icons\"><span class=\"wp-block-themeisle-blocks-font-awesome-icons-container\"><i class=\"fab fa-mendeley\"><\/i><\/span><\/div>\n\n\n\n<h6 class=\"wp-block-heading has-text-align-center\" id=\"fitness-and-health\">PLEMI\u0118<\/h6>\n\n\n\n<p class=\"has-text-align-center\">Plemi\u0119 otacza dziecko niewidzialn\u0105 sieci\u0105 uwagi troski  i ufno\u015bci. Mo\u017ce wi\u0119c zaj\u0105\u0107 si\u0119 ono najwa\u017cniejszym &#8211; dojrzewaniem  . <\/p>\n<\/div>\n<\/div><\/div>\n\n\n\n<div id=\"wp-block-themeisle-blocks-advanced-columns-4b23d2a7\" class=\"wp-block-themeisle-blocks-advanced-columns alignfull has-1-columns has-desktop-equal-layout has-tablet-equal-layout has-mobile-equal-layout has-vertical-unset has-dark-bg\"><div class=\"wp-block-themeisle-blocks-advanced-columns-overlay\"><\/div><div class=\"innerblocks-wrap\">\n<div id=\"wp-block-themeisle-blocks-advanced-column-bb15f75a\" class=\"wp-block-themeisle-blocks-advanced-column\">\n<div id=\"wp-block-themeisle-blocks-font-awesome-icons-de851078\" class=\"wp-block-themeisle-blocks-font-awesome-icons\"><span class=\"wp-block-themeisle-blocks-font-awesome-icons-container\"><i class=\"fab fa-audible\"><\/i><\/span><\/div>\n\n\n\n<h2 class=\"wp-block-heading has-text-align-center has-nv-text-dark-bg-color has-text-color\" id=\"wprowadzenie-do-dzialan-instytutu\">WPROWADZENIE DO DZIA\u0141A\u0143 INSTYTUTU<\/h2>\n\n\n\n<hr class=\"wp-block-separator has-text-color has-nv-text-dark-bg-color has-css-opacity has-nv-text-dark-bg-background-color has-background\"\/>\n\n\n\n<div class=\"wp-block-buttons is-horizontal is-content-justification-center is-layout-flex wp-container-2 wp-block-buttons-is-layout-flex\">\n<div class=\"wp-block-button is-style-primary\"><a class=\"wp-block-button__link has-neve-btn-bg-hover-background-color has-background wp-element-button\" rel=\"I want to join for a free course\">CHC\u0118 WYS\u0141UCHA\u0106<\/a><\/div>\n<\/div>\n<\/div>\n<\/div><\/div>\n\n\n\n<div id=\"wp-block-themeisle-blocks-advanced-columns-c8acd77c\" class=\"wp-block-themeisle-blocks-advanced-columns alignfull has-3-columns has-desktop-equal-layout has-tablet-equal-layout has-mobile-collapsedRows-layout has-vertical-unset\"><div class=\"wp-block-themeisle-blocks-advanced-columns-overlay\"><\/div><div class=\"innerblocks-wrap\">\n<div id=\"wp-block-themeisle-blocks-advanced-column-081b3307\" class=\"wp-block-themeisle-blocks-advanced-column\">\n<h2 class=\"wp-block-heading\">CO M\u00d3WI RADA NAUKOWA  INSTYTUTU  <\/h2>\n<\/div>\n\n\n\n<div id=\"wp-block-themeisle-blocks-advanced-column-7580aa32\" class=\"wp-block-themeisle-blocks-advanced-column\">\n<p>I love all reviews, they help me get in tune with the latest fashion trends and make me feel wonderful. Thanks Jane! Really enjoying your content!<\/p>\n\n\n\n<h6 id=\"wp-block-themeisle-blocks-advanced-heading-4ce8af98\" class=\"wp-block-themeisle-blocks-advanced-heading wp-block-themeisle-blocks-advanced-heading-4ce8af98\"><strong>DR BOGDAN OGRODNIK <\/strong><\/h6>\n<\/div>\n\n\n\n<div id=\"wp-block-themeisle-blocks-advanced-column-1e721d0e\" class=\"wp-block-themeisle-blocks-advanced-column\">\n<p>I love all reviews, they help me get in tune with the latest fashion trends and make me feel wonderful. Thanks Jane! Really enjoying your content!<\/p>\n\n\n\n<h6 id=\"wp-block-themeisle-blocks-advanced-heading-4334554b\" class=\"wp-block-themeisle-blocks-advanced-heading wp-block-themeisle-blocks-advanced-heading-4334554b\"><strong>DR MAJA G\u0141OWACKA<\/strong><\/h6>\n<\/div>\n<\/div><\/div>\n","protected":false},"excerpt":{"rendered":"","protected":false},"author":1,"featured_media":0,"parent":0,"menu_order":0,"comment_status":"closed","ping_status":"closed","template":"page-templates\/template-pagebuilder-full-width.php","meta":{"neve_meta_sidebar":"full-width","neve_meta_container":"","neve_meta_enable_content_width":"on","neve_meta_content_width":100,"neve_meta_title_alignment":"","neve_meta_author_avatar":"","neve_post_elements_order":"","neve_meta_disable_header":"","neve_meta_disable_footer":"","neve_meta_disable_title":"on","_themeisle_gutenberg_block_has_review":false,"_ti_tpc_template_sync":false,"_ti_tpc_template_id":"qkaru9pvduiwmsp9lfih","footnotes":""},"_links":{"self":[{"href":"https:\/\/www.instytut-dziecko-i-natura.pl\/index.php\/wp-json\/wp\/v2\/pages\/94"}],"collection":[{"href":"https:\/\/www.instytut-dziecko-i-natura.pl\/index.php\/wp-json\/wp\/v2\/pages"}],"about":[{"href":"https:\/\/www.instytut-dziecko-i-natura.pl\/index.php\/wp-json\/wp\/v2\/types\/page"}],"author":[{"embeddable":true,"href":"https:\/\/www.instytut-dziecko-i-natura.pl\/index.php\/wp-json\/wp\/v2\/users\/1"}],"replies":[{"embeddable":true,"href":"https:\/\/www.instytut-dziecko-i-natura.pl\/index.php\/wp-json\/wp\/v2\/comments?post=94"}],"version-history":[{"count":21,"href":"https:\/\/www.instytut-dziecko-i-natura.pl\/index.php\/wp-json\/wp\/v2\/pages\/94\/revisions"}],"predecessor-version":[{"id":538,"href":"https:\/\/www.instytut-dziecko-i-natura.pl\/index.php\/wp-json\/wp\/v2\/pages\/94\/revisions\/538"}],"wp:attachment":[{"href":"https:\/\/www.instytut-dziecko-i-natura.pl\/index.php\/wp-json\/wp\/v2\/media?parent=94"}],"curies":[{"name":"wp","href":"https:\/\/api.w.org\/{rel}","templated":true}]}}