{"id":95,"date":"2020-05-17T18:59:16","date_gmt":"2020-05-17T18:59:16","guid":{"rendered":"https:\/\/demosites.io\/yoga-studio-gb\/?page_id=95"},"modified":"2023-03-19T00:40:18","modified_gmt":"2023-03-19T00:40:18","slug":"84647-about","status":"publish","type":"page","link":"https:\/\/www.instytut-dziecko-i-natura.pl\/index.php\/84647-about\/","title":{"rendered":"O INSTYTUCIE"},"content":{"rendered":"\n<div id=\"wp-block-themeisle-blocks-advanced-columns-de58857b\" class=\"wp-block-themeisle-blocks-advanced-columns alignfull has-1-columns has-desktop-equal-layout has-tablet-equal-layout has-mobile-equal-layout has-vertical-unset\"><div class=\"wp-block-themeisle-blocks-advanced-columns-overlay\"><\/div><div class=\"innerblocks-wrap\">\n<div id=\"wp-block-themeisle-blocks-advanced-column-f2953736\" class=\"wp-block-themeisle-blocks-advanced-column\">\n<div id=\"wp-block-themeisle-blocks-font-awesome-icons-95d89820\" class=\"wp-block-themeisle-blocks-font-awesome-icons\"><span class=\"wp-block-themeisle-blocks-font-awesome-icons-container\"><i class=\"fas fa-glasses\"><\/i><\/span><\/div>\n\n\n\n<h1 id=\"wp-block-themeisle-blocks-advanced-heading-c0b67f5b\" class=\"wp-block-themeisle-blocks-advanced-heading wp-block-themeisle-blocks-advanced-heading-c0b67f5b\">O INSTYTUCIE<\/h1>\n<\/div>\n<\/div><\/div>\n\n\n\n<div id=\"wp-block-themeisle-blocks-advanced-columns-e9cd1f42\" class=\"wp-block-themeisle-blocks-advanced-columns alignfull has-2-columns has-desktop-oneTwo-layout has-tablet-equal-layout has-mobile-collapsedRows-layout has-vertical-center\"><div class=\"wp-block-themeisle-blocks-advanced-columns-overlay\"><\/div><div class=\"innerblocks-wrap\">\n<div id=\"wp-block-themeisle-blocks-advanced-column-0b871236\" class=\"wp-block-themeisle-blocks-advanced-column\">\n<h4 class=\"has-neve-button-color-color has-text-color wp-block-heading\" id=\"o-instytucie\"><strong>O INSTYTUCIE<\/strong><\/h4>\n\n\n\n<h2 class=\"wp-block-heading\" id=\"i-live-a-life-dedicated-to-yoga-and-meditation\">Instytut zosta\u0142 powo\u0142any przez fundacj\u0119 Pracownia Edukacji \u017bywej aby zapewni\u0107 rzetelno\u015b\u0107 i skuteczno\u015b\u0107 propozycji rozwoju rodzin z ma\u0142ymi dzie\u0107mi   <\/h2>\n\n\n\n<p>Opis w przygotowaniu <\/p>\n\n\n\n<div class=\"wp-block-buttons is-layout-flex wp-block-buttons-is-layout-flex\">\n<div class=\"wp-block-button is-style-primary\"><a class=\"wp-block-button__link wp-element-button\">Zobacz wi\u0119cej<\/a><\/div>\n<\/div>\n<\/div>\n\n\n\n<div id=\"wp-block-themeisle-blocks-advanced-column-58ba5715\" class=\"wp-block-themeisle-blocks-advanced-column\">\n<figure class=\"wp-block-image size-large\"><img decoding=\"async\" loading=\"lazy\" width=\"1024\" height=\"680\" src=\"https:\/\/www.instytut-dziecko-i-natura.pl\/wp-content\/uploads\/2023\/01\/DSC_0021-Kopiowanie-1024x680.jpg\" alt=\"\" class=\"wp-image-319\" srcset=\"https:\/\/www.instytut-dziecko-i-natura.pl\/wp-content\/uploads\/2023\/01\/DSC_0021-Kopiowanie-1024x680.jpg 1024w, https:\/\/www.instytut-dziecko-i-natura.pl\/wp-content\/uploads\/2023\/01\/DSC_0021-Kopiowanie-300x199.jpg 300w, https:\/\/www.instytut-dziecko-i-natura.pl\/wp-content\/uploads\/2023\/01\/DSC_0021-Kopiowanie-768x510.jpg 768w, https:\/\/www.instytut-dziecko-i-natura.pl\/wp-content\/uploads\/2023\/01\/DSC_0021-Kopiowanie-1536x1021.jpg 1536w, https:\/\/www.instytut-dziecko-i-natura.pl\/wp-content\/uploads\/2023\/01\/DSC_0021-Kopiowanie-2048x1361.jpg 2048w\" sizes=\"(max-width: 1024px) 100vw, 1024px\" \/><\/figure>\n<\/div>\n<\/div><\/div>\n\n\n\n<div id=\"wp-block-themeisle-blocks-advanced-columns-d05112cd\" class=\"wp-block-themeisle-blocks-advanced-columns alignfull has-3-columns has-desktop-equal-layout has-tablet-equal-layout has-mobile-collapsedRows-layout has-vertical-unset has-dark-bg\"><div class=\"wp-block-themeisle-blocks-advanced-columns-overlay\"><\/div><div class=\"innerblocks-wrap\">\n<div id=\"wp-block-themeisle-blocks-advanced-column-1ccd96e3\" class=\"wp-block-themeisle-blocks-advanced-column\">\n<figure class=\"wp-block-image size-large\"><img decoding=\"async\" loading=\"lazy\" width=\"1024\" height=\"680\" src=\"https:\/\/www.instytut-dziecko-i-natura.pl\/wp-content\/uploads\/2023\/01\/DSC_0613-1024x680.jpg\" alt=\"\" class=\"wp-image-339\" srcset=\"https:\/\/www.instytut-dziecko-i-natura.pl\/wp-content\/uploads\/2023\/01\/DSC_0613-1024x680.jpg 1024w, https:\/\/www.instytut-dziecko-i-natura.pl\/wp-content\/uploads\/2023\/01\/DSC_0613-300x199.jpg 300w, https:\/\/www.instytut-dziecko-i-natura.pl\/wp-content\/uploads\/2023\/01\/DSC_0613-768x510.jpg 768w, https:\/\/www.instytut-dziecko-i-natura.pl\/wp-content\/uploads\/2023\/01\/DSC_0613-1536x1020.jpg 1536w, https:\/\/www.instytut-dziecko-i-natura.pl\/wp-content\/uploads\/2023\/01\/DSC_0613-2048x1360.jpg 2048w\" sizes=\"(max-width: 1024px) 100vw, 1024px\" \/><\/figure>\n<\/div>\n\n\n\n<div id=\"wp-block-themeisle-blocks-advanced-column-1e7f19a6\" class=\"wp-block-themeisle-blocks-advanced-column\">\n<figure class=\"wp-block-image size-large\"><img decoding=\"async\" loading=\"lazy\" width=\"1024\" height=\"680\" src=\"https:\/\/www.instytut-dziecko-i-natura.pl\/wp-content\/uploads\/2023\/01\/prof1-1024x680.jpg\" alt=\"\" class=\"wp-image-340\" srcset=\"https:\/\/www.instytut-dziecko-i-natura.pl\/wp-content\/uploads\/2023\/01\/prof1-1024x680.jpg 1024w, https:\/\/www.instytut-dziecko-i-natura.pl\/wp-content\/uploads\/2023\/01\/prof1-300x199.jpg 300w, https:\/\/www.instytut-dziecko-i-natura.pl\/wp-content\/uploads\/2023\/01\/prof1-768x510.jpg 768w, https:\/\/www.instytut-dziecko-i-natura.pl\/wp-content\/uploads\/2023\/01\/prof1-1536x1020.jpg 1536w, https:\/\/www.instytut-dziecko-i-natura.pl\/wp-content\/uploads\/2023\/01\/prof1.jpg 1801w\" sizes=\"(max-width: 1024px) 100vw, 1024px\" \/><\/figure>\n<\/div>\n\n\n\n<div id=\"wp-block-themeisle-blocks-advanced-column-6a7ad18d\" class=\"wp-block-themeisle-blocks-advanced-column\">\n<figure class=\"wp-block-image size-large\"><img decoding=\"async\" loading=\"lazy\" width=\"1024\" height=\"680\" src=\"https:\/\/www.instytut-dziecko-i-natura.pl\/wp-content\/uploads\/2023\/01\/DSC_0123aa-1024x680.jpg\" alt=\"\" class=\"wp-image-328\" srcset=\"https:\/\/www.instytut-dziecko-i-natura.pl\/wp-content\/uploads\/2023\/01\/DSC_0123aa-1024x680.jpg 1024w, https:\/\/www.instytut-dziecko-i-natura.pl\/wp-content\/uploads\/2023\/01\/DSC_0123aa-300x199.jpg 300w, https:\/\/www.instytut-dziecko-i-natura.pl\/wp-content\/uploads\/2023\/01\/DSC_0123aa-768x510.jpg 768w, https:\/\/www.instytut-dziecko-i-natura.pl\/wp-content\/uploads\/2023\/01\/DSC_0123aa-1536x1020.jpg 1536w, https:\/\/www.instytut-dziecko-i-natura.pl\/wp-content\/uploads\/2023\/01\/DSC_0123aa.jpg 1801w\" sizes=\"(max-width: 1024px) 100vw, 1024px\" \/><\/figure>\n<\/div>\n<\/div><\/div>\n","protected":false},"excerpt":{"rendered":"","protected":false},"author":1,"featured_media":0,"parent":0,"menu_order":0,"comment_status":"closed","ping_status":"closed","template":"page-templates\/template-pagebuilder-full-width.php","meta":{"neve_meta_sidebar":"full-width","neve_meta_container":"","neve_meta_enable_content_width":"on","neve_meta_content_width":100,"neve_meta_title_alignment":"","neve_meta_author_avatar":"","neve_post_elements_order":"","neve_meta_disable_header":"","neve_meta_disable_footer":"","neve_meta_disable_title":"on","_themeisle_gutenberg_block_has_review":false,"_ti_tpc_template_sync":false,"_ti_tpc_template_id":"7o0q7dae09nddh89bblt","footnotes":""},"_links":{"self":[{"href":"https:\/\/www.instytut-dziecko-i-natura.pl\/index.php\/wp-json\/wp\/v2\/pages\/95"}],"collection":[{"href":"https:\/\/www.instytut-dziecko-i-natura.pl\/index.php\/wp-json\/wp\/v2\/pages"}],"about":[{"href":"https:\/\/www.instytut-dziecko-i-natura.pl\/index.php\/wp-json\/wp\/v2\/types\/page"}],"author":[{"embeddable":true,"href":"https:\/\/www.instytut-dziecko-i-natura.pl\/index.php\/wp-json\/wp\/v2\/users\/1"}],"replies":[{"embeddable":true,"href":"https:\/\/www.instytut-dziecko-i-natura.pl\/index.php\/wp-json\/wp\/v2\/comments?post=95"}],"version-history":[{"count":5,"href":"https:\/\/www.instytut-dziecko-i-natura.pl\/index.php\/wp-json\/wp\/v2\/pages\/95\/revisions"}],"predecessor-version":[{"id":506,"href":"https:\/\/www.instytut-dziecko-i-natura.pl\/index.php\/wp-json\/wp\/v2\/pages\/95\/revisions\/506"}],"wp:attachment":[{"href":"https:\/\/www.instytut-dziecko-i-natura.pl\/index.php\/wp-json\/wp\/v2\/media?parent=95"}],"curies":[{"name":"wp","href":"https:\/\/api.w.org\/{rel}","templated":true}]}}